{"id":8,"date":"2020-09-20T23:42:08","date_gmt":"2020-09-20T21:42:08","guid":{"rendered":"http:\/\/lewoksaintgermain.com\/?page_id=8"},"modified":"2026-03-25T00:15:15","modified_gmt":"2026-03-24T23:15:15","slug":"8-2","status":"publish","type":"page","link":"https:\/\/lewoksaintgermain.com\/","title":{"rendered":"Accueil"},"content":{"rendered":"<p><script type=\"application\/ld+json\"><span style=\"display: inline-block; width: 0px; overflow: hidden; line-height: 0;\" data-mce-type=\"bookmark\" class=\"mce_SELRES_start\">\ufeff<\/span> {\n\"@context\" : \"http:\/\/schema.org\",\n\"@type\" : \"Restaurant\",\n\"name\":\"le wok saint germain\",\n\"description\": \"Le Wok Saint Germain RESTAURANT HALAL AVS fait voyager vos papilles de la Chine \u00e0 la Tha\u00eflande en passant par le Vietnam avec ses plats \u00e0 la carte ou en formule, dont le Pad tha\u00ef ou le B\u00f4 bun revisit\u00e9 avec excellence par nos chefs PAT THAI LOC LAC HALAL A PARIS THAI.\",\n\"image\": \"http:\/\/lewoksaintgermain.com\/wp-content\/uploads\/2020\/11\/FOND-POPUP-EMPORTE.png\",\n\"logo\": \"http:\/\/lewoksaintgermain.com\/wp-content\/uploads\/2020\/11\/LOGO-WOK-ST-GERMAIN-NEW.png\",\n\"address\" : {\n\"@type\": \"PostalAddress\",\n\"addressLocality\": \"PARIS\",\n\"addressRegion\": \"FRANCE\",\n\"postalCode\": \"75006\",\n\"streetAddress\": \"45 RUE DAUPHINE\" },\n\"geo\": {\n\"@type\":\"GeoCoordinates\",\n\"latitude\":\"48.854286193847656\",\n\"longitude\":\"2.3389768600463867\",\n\"elevation\":\"652\"\n},\n\"url\":\"http:\/\/www.lewoksaintgermain.com\",\n\"email\":\"lewoksaintgermain@gmail.com\",\n\"telephone\":\"0144410349\",\n\"openingHours\": [\n\"LUNDI FERME\", \"MARDI 12H-15H 18H-21H\", \"MERCREDI 12H-15H 18H-21H\", \"JEUDI 12H-15H 18H-21H\", \"VENDREDI 12H-15H 18H-21H\", \"SAMEDI 12H-21H\", \"DIMANCHE 12H-21H \"],\n\"aggregateRating\":{\n\"@type\":\"AggregateRating\",\n\"ratingValue\":\"5\",\n\"priceRange\":\"20\",\n\"reviewCount\":\"973\"},\n\"servesCuisine\": [\"THAILANDE\"],\"acceptsReservations\":\"true\",\n\"menu\":\"https:\/\/www.foodbooking.com\/ordering\/restaurant\/menu?restaurant_uid=5cba9e26-57f3-4ce9-9557-cfebfe391b3d&client_is_mobile=true&glfa_cid=1893984675.1600290861&glfa_t=1617145187460\",\n\"paymentAccepted\":\"Visa, Master Card\"\n} <\/script><\/p>\n<p>[vc_row css_animation=&#8221;&#8221; row_type=&#8221;row&#8221; use_row_as_full_screen_section=&#8221;no&#8221; type=&#8221;full_width&#8221; angled_section=&#8221;no&#8221;<br \/>\ntext_align=&#8221;left&#8221; background_image_as_pattern=&#8221;without_pattern&#8221;][vc_column]\n\t\t\t<!-- START Slider 1 REVOLUTION SLIDER 6.2.22 --><p class=\"rs-p-wp-fix\"><\/p>\n\t\t\t<rs-module-wrap id=\"rev_slider_1_1_wrapper\" data-source=\"gallery\" style=\"background:transparent;padding:0;margin:0px auto;margin-top:0;margin-bottom:0;\">\n\t\t\t\t<rs-module id=\"rev_slider_1_1\" style=\"\" data-version=\"6.2.22\">\n\t\t\t\t\t<rs-slides>\n\t\t\t\t\t\t<rs-slide data-key=\"rs-1\" data-title=\"Slide\" data-anim=\"ei:d;eo:d;s:1000;r:0;t:fade;sl:0;\">\n\t\t\t\t\t\t\t<img src=\"\/\/lewoksaintgermain.com\/wp-content\/uploads\/2020\/09\/slider-wok-saint-germain-restaurant-thai-paris.jpg\" title=\"slider-wok-saint-germain-restaurant-thai-paris\" width=\"1600\" height=\"1067\" class=\"rev-slidebg\" data-no-retina>\n<!---->\t\t\t\t\t\t<\/rs-slide>\n\t\t\t\t\t\t<rs-slide data-key=\"rs-2\" data-title=\"Slide\" data-anim=\"ei:d;eo:d;s:1000;r:0;t:fade;sl:0;\">\n\t\t\t\t\t\t\t<img src=\"\/\/lewoksaintgermain.com\/wp-content\/uploads\/2020\/11\/DSC6006.jpg\" title=\"Accueil\" class=\"rev-slidebg\" data-no-retina>\n<!---->\t\t\t\t\t\t<\/rs-slide>\n\t\t\t\t\t<\/rs-slides>\n\t\t\t\t<\/rs-module>\n\t\t\t\t<script type=\"text\/javascript\">\n\t\t\t\t\tsetREVStartSize({c: 'rev_slider_1_1',rl:[1240,1024,778,480],el:[900],gw:[1240],gh:[900],type:'standard',justify:'',layout:'fullwidth',mh:\"0\"});\n\t\t\t\t\tvar\trevapi1,\n\t\t\t\t\t\ttpj;\n\t\t\t\t\tfunction revinit_revslider11() {\n\t\t\t\t\tjQuery(function() {\n\t\t\t\t\t\ttpj = jQuery;\n\t\t\t\t\t\trevapi1 = tpj(\"#rev_slider_1_1\");\n\t\t\t\t\t\tif(revapi1==undefined || revapi1.revolution == undefined){\n\t\t\t\t\t\t\trevslider_showDoubleJqueryError(\"rev_slider_1_1\");\n\t\t\t\t\t\t}else{\n\t\t\t\t\t\t\trevapi1.revolution({\n\t\t\t\t\t\t\t\tsliderLayout:\"fullwidth\",\n\t\t\t\t\t\t\t\tvisibilityLevels:\"1240,1024,778,480\",\n\t\t\t\t\t\t\t\tgridwidth:1240,\n\t\t\t\t\t\t\t\tgridheight:900,\n\t\t\t\t\t\t\t\tspinner:\"spinner0\",\n\t\t\t\t\t\t\t\tperspective:600,\n\t\t\t\t\t\t\t\tperspectiveType:\"global\",\n\t\t\t\t\t\t\t\teditorheight:\"900,768,960,720\",\n\t\t\t\t\t\t\t\tresponsiveLevels:\"1240,1024,778,480\",\n\t\t\t\t\t\t\t\tprogressBar:{disableProgressBar:true},\n\t\t\t\t\t\t\t\tnavigation: {\n\t\t\t\t\t\t\t\t\tonHoverStop:false\n\t\t\t\t\t\t\t\t},\n\t\t\t\t\t\t\t\tfallbacks: {\n\t\t\t\t\t\t\t\t\tallowHTML5AutoPlayOnAndroid:true\n\t\t\t\t\t\t\t\t},\n\t\t\t\t\t\t\t});\n\t\t\t\t\t\t}\n\t\t\t\t\t\t\n\t\t\t\t\t});\n\t\t\t\t\t} \/\/ End of RevInitScript\n\t\t\t\tvar once_revslider11 = false;\n\t\t\t\tif (document.readyState === \"loading\") {document.addEventListener('readystatechange',function() { if((document.readyState === \"interactive\" || document.readyState === \"complete\") && !once_revslider11 ) { once_revslider11 = true; revinit_revslider11();}});} else {once_revslider11 = true; revinit_revslider11();}\n\t\t\t\t<\/script>\n\t\t\t<\/rs-module-wrap>\n\t\t\t<!-- END REVOLUTION SLIDER -->\n[\/vc_column][\/vc_row]<\/p>\n<h1>LE WOK SAINT GERMAIN<\/h1>\n<p>&nbsp;<\/p>\n<h2>le wok saint germain Paris<\/h2>\n<p><center>La gastronomie Asiatique, Tha\u00eflandaise &amp; Vietnamienne<\/center>[vc_row css_animation=&#8221;&#8221; row_type=&#8221;row&#8221; use_row_as_full_screen_section=&#8221;no&#8221;<br \/>\ntype=&#8221;full_width&#8221; angled_section=&#8221;no&#8221; text_align=&#8221;left&#8221; background_image_as_pattern=&#8221;without_pattern&#8221; anchor=&#8221;tuktukmum&#8221; z_index=&#8221;&#8221;]<\/p>\n<p>[vc_column][vc_empty_space height=&#8221;20&#8243;][vc_column_text css=&#8221;.vc_custom_1600896296878{padding-right: 20px !important;padding-left: 20px !important;}&#8221;]<\/p>\n<h3 style=\"text-align: center;\">Toute la magie de la Tha\u00eflande au c\u0153ur du quartier latin&#8230;<\/h3>\n<p>[\/vc_column_text][vc_empty_space height=&#8221;20&#8243;][vc_single_image image=&#8221;17&#8243; img_size=&#8221;medium&#8221; alignment=&#8221;center&#8221; qode_css_animation=&#8221;&#8221;]<br \/>\n[vc_empty_space height=&#8221;20&#8243;][\/vc_column][\/vc_row][vc_row css_animation=&#8221;&#8221; row_type=&#8221;row&#8221; use_row_as_full_screen_section=&#8221;no&#8221;<br \/>\ntype=&#8221;full_width&#8221; angled_section=&#8221;no&#8221; text_align=&#8221;left&#8221; background_image_as_pattern=&#8221;without_pattern&#8221; z_index=&#8221;&#8221; anchor=&#8221;lewok&#8221;]<\/p>\n<p>[vc_column width=&#8221;1\/4&#8243;][\/vc_column][vc_column width=&#8221;1\/2&#8243;][vc_empty_space height=&#8221;10px&#8221;][vc_column_text css=&#8221;.vc_custom_1600896431623{padding-right: 20px<br \/>\n!important;padding-left: 20px !important;}&#8221;]<\/p>\n<h3 style=\"text-align: center;\">LE WOK, la saveur Tha\u00ef<\/h3>\n<p style=\"text-align: center;\">par excellence&#8230;<\/p>\n<p>[\/vc_column_text][vc_empty_space height=&#8221;10px&#8221;][vc_column_text]Le wok signifiant &#8220;chaudron&#8221; en chinois est un ustensile incontournable pour les adeptes d\u2019une cuisine sant\u00e9: il permet en effet une cuisson rapide avec tr\u00e8s peu de mati\u00e8re grasse.<br \/>\nGr\u00e2ce \u00e0 sa forme \u00e9vas\u00e9e, il suffit de l\u2019enduire d&#8217;une goutte d&#8217;huile pour emp\u00eacher les aliments de coller. Les l\u00e9gumes viandes et crustac\u00e9s sont saisis \u00e0 feu vif en quelques minutes et conservent toute leurs saveurs, leur couleur et leurs qualit\u00e9s nutritionnelles.<br \/>\nLa qualit\u00e9 c&#8217;est bien mais si on \u00e0 tr\u00e8s faim la quantit\u00e9 ne serai pas de refus. C&#8217;est pourquoi le bol qu&#8217;on vous fournit \u00e0 votre guise avec du riz ou des nouilles est fait de telle sorte que les plus gourmands en auront aussi pour leur app\u00e9tit et ceci bien sur au m\u00eame prix.<br \/>\nEnvie d&#8217;un classique asiatique?&#8230; Le Wok Saint Germain fait voyager vos papilles de la Chine \u00e0 la Tha\u00eflande en passant par le Vietnam avec ses plats \u00e0 la carte ou en formule, dont le Pad tha\u00ef ou le B\u00f4 bun revisit\u00e9 avec excellence par nos chefs.<br \/>\nNos chefs vous souhaite un bon voyage et un tr\u00e8s bon app\u00e9tit[\/vc_column_text][\/vc_column][vc_column width=&#8221;1\/4&#8243;][\/vc_column][\/vc_row][vc_row css_animation=&#8221;&#8221; row_type=&#8221;row&#8221; use_row_as_full_screen_section=&#8221;no&#8221; type=&#8221;grid&#8221; angled_section=&#8221;no&#8221; text_align=&#8221;left&#8221; background_image_as_pattern=&#8221;without_pattern&#8221; z_index=&#8221;&#8221; anchor=&#8221;galerie&#8221;][vc_column][vc_empty_space height=&#8221;20&#8243;][vc_gallery type=&#8221;image_grid&#8221; images=&#8221;32,30,35,28,34,33&#8243; img_size=&#8221;full&#8221; column_number=&#8221;3&#8243; grayscale=&#8221;no&#8221; images_space=&#8221;gallery_with_space&#8221;][\/vc_column][\/vc_row][vc_row css_animation=&#8221;&#8221; row_type=&#8221;row&#8221; use_row_as_full_screen_section=&#8221;no&#8221; type=&#8221;full_width&#8221; angled_section=&#8221;no&#8221; text_align=&#8221;center&#8221; background_image_as_pattern=&#8221;without_pattern&#8221; anchor=&#8221;commande&#8221; z_index=&#8221;&#8221;][vc_column width=&#8221;1\/3&#8243;][\/vc_column][vc_column width=&#8221;1\/3&#8243;]<a  itemprop=\"url\" href=\"https:\/\/www.ubereats.com\/fr\/paris\/food-delivery\/le-wok-saint-germain\/uj1M4BfSRd-EGYiKEq5RdQ\" target=\"_blank\" data-hover-color='#ffffff' class=\"qbutton  large center default\" style=\"color: #ffffff; border-color: #6b5728; background-color: #d9c391;\">LIVRAISON VIA UBEREAT<i class=\"qode_icon_font_awesome_5 fa5 fa fa-utensils qode_button_icon_element\" style=\"\" ><\/i><\/a><br \/>\n[vc_column width=&#8221;1\/3&#8243;]<a  itemprop=\"url\" href=\"https:\/\/deliveroo.fr\/fr\/menu\/paris\/6eme-odeon\/wok-saint-germain?day=today&amp;geohash=u09tvhst5px2&amp;time=ASAP\" target=\"_blank\" data-hover-color='#ffffff' class=\"qbutton  large center default\" style=\"color: #ffffff; border-color: #6b5728; background-color: #d9c391;\">LIVRAISON V DELIVEROO<i class=\"qode_icon_font_awesome_5 fa5 fa fa-utensils qode_button_icon_element\" style=\"\" ><\/i><\/a><br \/>\n[\/vc_column][vc_column width=&#8221;1\/3&#8243;][\/vc_column][\/vc_row][vc_row css_animation=&#8221;&#8221; row_type=&#8221;row&#8221; use_row_as_full_screen_section=&#8221;no&#8221; type=&#8221;full_width&#8221; angled_section=&#8221;no&#8221; text_align=&#8221;center&#8221; background_image_as_pattern=&#8221;without_pattern&#8221; z_index=&#8221;&#8221;][vc_column][vc_empty_space height=&#8221;20&#8243;][vc_column_text]<\/p>\n<p style=\"text-align: center;\"><strong>Horaires Wok Saint Germain<\/strong><\/p>\n<p style=\"text-align: center;\">Lundi 12h \u00e0 15h \/ 18h-23h<\/p>\n<p style=\"text-align: center;\">Mardi 12h \u00e0 15h \/ 18h-23h<\/p>\n<p style=\"text-align: center;\">Mercredi 12h \u00e0 15h \/ 18h-23h<\/p>\n<p style=\"text-align: center;\">Jeudi 12h \u00e0 15h \/ 18h-23h<\/p>\n<p style=\"text-align: center;\">Vendredi 12h \u00e0 15h \/ 18h-00h<\/p>\n<p style=\"text-align: center;\">Samedi en continue de 12h \u00e0 00h<\/p>\n<p style=\"text-align: center;\">Dimanche en continue de 12h \u00e0 23h<\/p>\n<p>[\/vc_column_text][vc_empty_space height=&#8221;20&#8243;][\/vc_column][\/vc_row][vc_row css_animation=&#8221;&#8221; row_type=&#8221;row&#8221; use_row_as_full_screen_section=&#8221;no&#8221; type=&#8221;full_width&#8221; angled_section=&#8221;no&#8221; text_align=&#8221;left&#8221; background_image_as_pattern=&#8221;without_pattern&#8221; z_index=&#8221;&#8221; anchor=&#8221;contact&#8221;][vc_column][vc_empty_space height=&#8221;20&#8243; css=&#8221;.vc_custom_1589989106644{padding-right: 20px !important;padding-left: 20px !important;}&#8221;][vc_single_image image=&#8221;17&#8243; img_size=&#8221;200&#215;100&#8243; alignment=&#8221;center&#8221; qode_css_animation=&#8221;&#8221;][vc_empty_space height=&#8221;20&#8243; css=&#8221;.vc_custom_1589989106644{padding-right: 20px !important;padding-left: 20px !important;}&#8221;][vc_column_text]<\/p>\n<h4 class=\"text-muted\" style=\"text-align: center;\">45 Rue Dauphine<br \/>\n75006 Paris<br \/>\n<a href=\"tel:01 44 41 03 49\">01 44 41 03 49<\/a><br \/>\nlewoksaintgermain@gmail.com<br \/>\n<a target=\"_blank\" href=\"http:\/\/www.lewoksaintgermain.com\" rel=\"noopener\">www.lewoksaintgermain.com<\/a><\/h4>\n<p>[\/vc_column_text][vc_empty_space height=&#8221;20&#8243;][vc_column_text]<\/p>\n<p style=\"text-align: center;\"><span class='q_social_icon_holder circle_social' data-color=#ffffff data-hover-background-color=#6b5728 data-hover-border-color=#ffffff data-hover-color=#f4f4f4><a itemprop='url' href='https:\/\/www.instagram.com' target='_blank'><span class='fa-stack ' style='background-color: #d9c391;border-color: #6b5728;border-width: 2px;margin: 0px 4px 0px 0px;font-size: 23px;'><i class=\"qode_icon_font_awesome fa fa-instagram \" style=\"color: #ffffff;font-size: 19px;\" ><\/i><\/span><\/a><\/span><span class='q_social_icon_holder circle_social' data-color=#ffffff data-hover-background-color=#6b5728 data-hover-border-color=#ffffff data-hover-color=#f4f4f4><a itemprop='url' href='https:\/\/www.facebook.com' target='_blank'><span class='fa-stack ' style='background-color: #d9c391;border-color: #6b5728;border-width: 2px;margin: 0px 4px 0px 0px;font-size: 23px;'><i class=\"qode_icon_font_awesome fa fa-facebook-f \" style=\"color: #ffffff;font-size: 19px;\" ><\/i><\/span><\/a><\/span><\/p>\n<p>[\/vc_column_text][vc_empty_space height=&#8221;20&#8243;][\/vc_column][\/vc_row][vc_row css_animation=&#8221;&#8221; row_type=&#8221;row&#8221; use_row_as_full_screen_section=&#8221;no&#8221; type=&#8221;full_width&#8221; angled_section=&#8221;no&#8221; text_align=&#8221;left&#8221; background_image_as_pattern=&#8221;without_pattern&#8221;][vc_column][vc_gmaps link=&#8221;#E-8_JTNDaWZyYW1lJTIwc3JjJTNEJTIyaHR0cHMlM0ElMkYlMkZ3d3cuZ29vZ2xlLmNvbSUyRm1hcHMlMkZlbWJlZCUzRnBiJTNEJTIxMW0xOCUyMTFtMTIlMjExbTMlMjExZDI2MjUuMjA1MjQ4Mjk1MTgwNCUyMTJkMi4zMzY5MTA1MTYzNjc1MzMlMjEzZDQ4Ljg1NDI5NjQwODk0Nzk0JTIxMm0zJTIxMWYwJTIxMmYwJTIxM2YwJTIxM20yJTIxMWkxMDI0JTIxMmk3NjglMjE0ZjEzLjElMjEzbTMlMjExbTIlMjExczB4NDdlNjcxZGYyZTZkY2QzMSUyNTNBMHhlYjUyOWM0ZGIwOGE3NzlmJTIxMnNMZSUyNTIwV29rJTI1MjBTYWludCUyNTIwR2VybWFpbiUyMTVlMCUyMTNtMiUyMTFzZnIlMjEyc2ZyJTIxNHYxNjAwNjM4NTA5Nzk4JTIxNW0yJTIxMXNmciUyMTJzZnIlMjIlMjB3aWR0aCUzRCUyMjYwMCUyMiUyMGhlaWdodCUzRCUyMjQ1MCUyMiUyMGZyYW1lYm9yZGVyJTNEJTIyMCUyMiUyMHN0eWxlJTNEJTIyYm9yZGVyJTNBMCUzQiUyMiUyMGFsbG93ZnVsbHNjcmVlbiUzRCUyMiUyMiUyMGFyaWEtaGlkZGVuJTNEJTIyZmFsc2UlMjIlMjB0YWJpbmRleCUzRCUyMjAlMjIlM0UlM0MlMkZpZnJhbWUlM0U=&#8221;][vc_column_text css=&#8221;.vc_custom_1600896883924{padding-top: 10px !important;padding-bottom: 10px !important;background-color: #6b5728 !important;}&#8221;]<\/p>\n<p style=\"text-align: center;\"><span style=\"color: #d9c391;\">Le Wok Saint Germain, 45 rue Dauphine, 75006 Paris \u00a9 <a target=\"_blank\" href=\"http:\/\/www.trendycolors.com\" rel=\"noopener\">TrendyColors<\/a> 2020<\/span><\/p>\n<p>[\/vc_column_text][\/vc_column][\/vc_row]<\/p>\n<p>&nbsp;<\/p>\n","protected":false},"excerpt":{"rendered":"<p>[vc_row css_animation=&#8221;&#8221; row_type=&#8221;row&#8221; use_row_as_full_screen_section=&#8221;no&#8221; type=&#8221;full_width&#8221; angled_section=&#8221;no&#8221; text_align=&#8221;left&#8221; background_image_as_pattern=&#8221;without_pattern&#8221;][vc_column][\/vc_column][\/vc_row] LE WOK SAINT GERMAIN &nbsp; le wok saint germain Paris La gastronomie Asiatique, Tha\u00eflandaise &amp; Vietnamienne[vc_row css_animation=&#8221;&#8221; row_type=&#8221;row&#8221; use_row_as_full_screen_section=&#8221;no&#8221; type=&#8221;full_width&#8221; angled_section=&#8221;no&#8221; text_align=&#8221;left&#8221; background_image_as_pattern=&#8221;without_pattern&#8221; anchor=&#8221;tuktukmum&#8221; z_index=&#8221;&#8221;] [vc_column][vc_empty_space height=&#8221;20&#8243;][vc_column_text css=&#8221;.vc_custom_1600896296878{padding-right: 20px !important;padding-left: 20px !important;}&#8221;] Toute la magie de la&#8230;<\/p>\n","protected":false},"author":1,"featured_media":0,"parent":0,"menu_order":0,"comment_status":"closed","ping_status":"closed","template":"full_width.php","meta":[],"_links":{"self":[{"href":"https:\/\/lewoksaintgermain.com\/index.php\/wp-json\/wp\/v2\/pages\/8"}],"collection":[{"href":"https:\/\/lewoksaintgermain.com\/index.php\/wp-json\/wp\/v2\/pages"}],"about":[{"href":"https:\/\/lewoksaintgermain.com\/index.php\/wp-json\/wp\/v2\/types\/page"}],"author":[{"embeddable":true,"href":"https:\/\/lewoksaintgermain.com\/index.php\/wp-json\/wp\/v2\/users\/1"}],"replies":[{"embeddable":true,"href":"https:\/\/lewoksaintgermain.com\/index.php\/wp-json\/wp\/v2\/comments?post=8"}],"version-history":[{"count":120,"href":"https:\/\/lewoksaintgermain.com\/index.php\/wp-json\/wp\/v2\/pages\/8\/revisions"}],"predecessor-version":[{"id":337,"href":"https:\/\/lewoksaintgermain.com\/index.php\/wp-json\/wp\/v2\/pages\/8\/revisions\/337"}],"wp:attachment":[{"href":"https:\/\/lewoksaintgermain.com\/index.php\/wp-json\/wp\/v2\/media?parent=8"}],"curies":[{"name":"wp","href":"https:\/\/api.w.org\/{rel}","templated":true}]}}